{"id":998,"date":"2023-04-12T14:50:47","date_gmt":"2023-04-12T11:50:47","guid":{"rendered":"http:\/\/dekoratsioonid.ee\/?post_type=product&#038;p=998"},"modified":"2026-02-09T13:47:34","modified_gmt":"2026-02-09T11:47:34","slug":"luhtri-rent-d95cm-h125cm","status":"publish","type":"product","link":"https:\/\/www.dekoratsioonid.ee\/?product=luhtri-rent-d95cm-h125cm","title":{"rendered":"Kristall l\u00fchtri rent, D=95cm, H=125cm, kood: L12."},"content":{"rendered":"<p>Kristall l\u00fchter, D=95cm, H=125cm.<\/p>\n<p>L\u00fchtri kaal: 12kg.<\/p>\n<p>Kood: L12.<\/p>\n<p>Laos 8 tk.<\/p>\n<p>K\u00fcsi hinnapakkumist, rendime ainult koos meie paigaldusega !<\/p>\n<p>&nbsp;<\/p>\n","protected":false},"excerpt":{"rendered":"<p>Kristall l\u00fchter, D=95cm, H=125cm. L\u00fchtri kaal: 12kg. Kood: L12. Laos 8 tk. K\u00fcsi hinnapakkumist, rendime ainult koos meie paigaldusega ! &nbsp;<\/p>\n","protected":false},"featured_media":1127,"template":"","meta":[],"product_brand":[],"product_cat":[60,28],"product_tag":[],"class_list":{"0":"post-998","1":"product","2":"type-product","3":"status-publish","4":"has-post-thumbnail","6":"product_cat-lyhtrid","7":"product_cat-luhtrid-ja-valgustid","9":"first","10":"instock","11":"shipping-taxable","12":"purchasable","13":"product-type-simple"},"_links":{"self":[{"href":"https:\/\/www.dekoratsioonid.ee\/index.php?rest_route=\/wp\/v2\/product\/998","targetHints":{"allow":["GET"]}}],"collection":[{"href":"https:\/\/www.dekoratsioonid.ee\/index.php?rest_route=\/wp\/v2\/product"}],"about":[{"href":"https:\/\/www.dekoratsioonid.ee\/index.php?rest_route=\/wp\/v2\/types\/product"}],"wp:featuredmedia":[{"embeddable":true,"href":"https:\/\/www.dekoratsioonid.ee\/index.php?rest_route=\/wp\/v2\/media\/1127"}],"wp:attachment":[{"href":"https:\/\/www.dekoratsioonid.ee\/index.php?rest_route=%2Fwp%2Fv2%2Fmedia&parent=998"}],"wp:term":[{"taxonomy":"product_brand","embeddable":true,"href":"https:\/\/www.dekoratsioonid.ee\/index.php?rest_route=%2Fwp%2Fv2%2Fproduct_brand&post=998"},{"taxonomy":"product_cat","embeddable":true,"href":"https:\/\/www.dekoratsioonid.ee\/index.php?rest_route=%2Fwp%2Fv2%2Fproduct_cat&post=998"},{"taxonomy":"product_tag","embeddable":true,"href":"https:\/\/www.dekoratsioonid.ee\/index.php?rest_route=%2Fwp%2Fv2%2Fproduct_tag&post=998"}],"curies":[{"name":"wp","href":"https:\/\/api.w.org\/{rel}","templated":true}]}}