{"id":992,"date":"2023-04-12T14:35:23","date_gmt":"2023-04-12T11:35:23","guid":{"rendered":"http:\/\/dekoratsioonid.ee\/?post_type=product&#038;p=992"},"modified":"2026-02-09T14:01:49","modified_gmt":"2026-02-09T12:01:49","slug":"kristall-luhtri-rent-d60cm-h180cm","status":"publish","type":"product","link":"https:\/\/www.dekoratsioonid.ee\/?product=kristall-luhtri-rent-d60cm-h180cm","title":{"rendered":"L\u00fchtri rent, D=60cm, H=210cm, kood: L03."},"content":{"rendered":"<p>L\u00fchter, D=60cm, H=210cm. (k\u00f5rgus riputuspunktist 250cm)<\/p>\n<p>L\u00fchtri kaal: 5kg.<\/p>\n<p>Kood: L03.<\/p>\n<p>Rendihind 30 EUR\/p\u00e4ev.<\/p>\n<p>Laos 20 tk.<\/p>\n","protected":false},"excerpt":{"rendered":"<p>L\u00fchter, D=60cm, H=210cm. (k\u00f5rgus riputuspunktist 250cm) L\u00fchtri kaal: 5kg. Kood: L03. Rendihind 30 EUR\/p\u00e4ev. Laos 20 tk.<\/p>\n","protected":false},"featured_media":1206,"template":"","meta":[],"product_brand":[],"product_cat":[60,28],"product_tag":[],"class_list":{"0":"post-992","1":"product","2":"type-product","3":"status-publish","4":"has-post-thumbnail","6":"product_cat-lyhtrid","7":"product_cat-luhtrid-ja-valgustid","9":"first","10":"instock","11":"shipping-taxable","12":"purchasable","13":"product-type-simple"},"_links":{"self":[{"href":"https:\/\/www.dekoratsioonid.ee\/index.php?rest_route=\/wp\/v2\/product\/992","targetHints":{"allow":["GET"]}}],"collection":[{"href":"https:\/\/www.dekoratsioonid.ee\/index.php?rest_route=\/wp\/v2\/product"}],"about":[{"href":"https:\/\/www.dekoratsioonid.ee\/index.php?rest_route=\/wp\/v2\/types\/product"}],"wp:featuredmedia":[{"embeddable":true,"href":"https:\/\/www.dekoratsioonid.ee\/index.php?rest_route=\/wp\/v2\/media\/1206"}],"wp:attachment":[{"href":"https:\/\/www.dekoratsioonid.ee\/index.php?rest_route=%2Fwp%2Fv2%2Fmedia&parent=992"}],"wp:term":[{"taxonomy":"product_brand","embeddable":true,"href":"https:\/\/www.dekoratsioonid.ee\/index.php?rest_route=%2Fwp%2Fv2%2Fproduct_brand&post=992"},{"taxonomy":"product_cat","embeddable":true,"href":"https:\/\/www.dekoratsioonid.ee\/index.php?rest_route=%2Fwp%2Fv2%2Fproduct_cat&post=992"},{"taxonomy":"product_tag","embeddable":true,"href":"https:\/\/www.dekoratsioonid.ee\/index.php?rest_route=%2Fwp%2Fv2%2Fproduct_tag&post=992"}],"curies":[{"name":"wp","href":"https:\/\/api.w.org\/{rel}","templated":true}]}}