{"id":544,"date":"2019-05-07T14:28:32","date_gmt":"2019-05-07T11:28:32","guid":{"rendered":"http:\/\/dekoratsioonid.ee\/?product=prozektor-par-56-must-luhike-porand-mfl"},"modified":"2019-05-07T14:30:44","modified_gmt":"2019-05-07T11:30:44","slug":"prozektor-par-56-must-luhike-porand-mfl","status":"publish","type":"product","link":"https:\/\/www.dekoratsioonid.ee\/?product=prozektor-par-56-must-luhike-porand-mfl","title":{"rendered":"Prozektor, PAR-56, must, l\u00fchike, p\u00f5rand, MFL"},"content":{"rendered":"<p>Prozektor, PAR-56, must, l\u00fchike, p\u00f5rand, MFL<\/p>\n<p>Rendihind 3EUR+KM\/p\u00e4ev.<\/p>\n<p>Laos 12tk.<\/p>\n","protected":false},"excerpt":{"rendered":"<p>Prozektor, PAR-56, must, l\u00fchike, p\u00f5rand, MFL Rendihind 3EUR+KM\/p\u00e4ev. Laos 12tk.<\/p>\n","protected":false},"featured_media":545,"template":"","meta":[],"product_brand":[],"product_cat":[70],"product_tag":[],"class_list":{"0":"post-544","1":"product","2":"type-product","3":"status-publish","4":"has-post-thumbnail","6":"product_cat-par-prozektorid","8":"first","9":"instock","10":"shipping-taxable","11":"purchasable","12":"product-type-simple"},"_links":{"self":[{"href":"https:\/\/www.dekoratsioonid.ee\/index.php?rest_route=\/wp\/v2\/product\/544","targetHints":{"allow":["GET"]}}],"collection":[{"href":"https:\/\/www.dekoratsioonid.ee\/index.php?rest_route=\/wp\/v2\/product"}],"about":[{"href":"https:\/\/www.dekoratsioonid.ee\/index.php?rest_route=\/wp\/v2\/types\/product"}],"wp:featuredmedia":[{"embeddable":true,"href":"https:\/\/www.dekoratsioonid.ee\/index.php?rest_route=\/wp\/v2\/media\/545"}],"wp:attachment":[{"href":"https:\/\/www.dekoratsioonid.ee\/index.php?rest_route=%2Fwp%2Fv2%2Fmedia&parent=544"}],"wp:term":[{"taxonomy":"product_brand","embeddable":true,"href":"https:\/\/www.dekoratsioonid.ee\/index.php?rest_route=%2Fwp%2Fv2%2Fproduct_brand&post=544"},{"taxonomy":"product_cat","embeddable":true,"href":"https:\/\/www.dekoratsioonid.ee\/index.php?rest_route=%2Fwp%2Fv2%2Fproduct_cat&post=544"},{"taxonomy":"product_tag","embeddable":true,"href":"https:\/\/www.dekoratsioonid.ee\/index.php?rest_route=%2Fwp%2Fv2%2Fproduct_tag&post=544"}],"curies":[{"name":"wp","href":"https:\/\/api.w.org\/{rel}","templated":true}]}}