{"id":1294,"date":"2026-02-09T14:47:39","date_gmt":"2026-02-09T12:47:39","guid":{"rendered":"https:\/\/dekoratsioonid.ee\/?post_type=product&#038;p=1294"},"modified":"2026-02-09T14:50:50","modified_gmt":"2026-02-09T12:50:50","slug":"kristall-luhtri-rent-d63cm-h75cm-kood-l28","status":"publish","type":"product","link":"https:\/\/www.dekoratsioonid.ee\/?product=kristall-luhtri-rent-d63cm-h75cm-kood-l28","title":{"rendered":"Kristall l\u00fchtri rent, D=63cm, H=75cm, kood: L28."},"content":{"rendered":"<p>Kristall l\u00fchter, D=63cm, H=75cm, kood: L28.<\/p>\n<p>L\u00fchtri kaal: 9,5kg.<\/p>\n<p>Laos 3 tk.<\/p>\n<p>K\u00fcsi hinnapakkumist, rendime ainult koos meie paigaldusega !<\/p>\n","protected":false},"excerpt":{"rendered":"<p>Kristall l\u00fchter, D=63cm, H=75cm, kood: L28. L\u00fchtri kaal: 9,5kg. Laos 3 tk. K\u00fcsi hinnapakkumist, rendime ainult koos meie paigaldusega !<\/p>\n","protected":false},"featured_media":1284,"template":"","meta":[],"product_brand":[],"product_cat":[60,28],"product_tag":[],"class_list":{"0":"post-1294","1":"product","2":"type-product","3":"status-publish","4":"has-post-thumbnail","6":"product_cat-lyhtrid","7":"product_cat-luhtrid-ja-valgustid","9":"first","10":"instock","11":"shipping-taxable","12":"product-type-simple"},"_links":{"self":[{"href":"https:\/\/www.dekoratsioonid.ee\/index.php?rest_route=\/wp\/v2\/product\/1294","targetHints":{"allow":["GET"]}}],"collection":[{"href":"https:\/\/www.dekoratsioonid.ee\/index.php?rest_route=\/wp\/v2\/product"}],"about":[{"href":"https:\/\/www.dekoratsioonid.ee\/index.php?rest_route=\/wp\/v2\/types\/product"}],"wp:featuredmedia":[{"embeddable":true,"href":"https:\/\/www.dekoratsioonid.ee\/index.php?rest_route=\/wp\/v2\/media\/1284"}],"wp:attachment":[{"href":"https:\/\/www.dekoratsioonid.ee\/index.php?rest_route=%2Fwp%2Fv2%2Fmedia&parent=1294"}],"wp:term":[{"taxonomy":"product_brand","embeddable":true,"href":"https:\/\/www.dekoratsioonid.ee\/index.php?rest_route=%2Fwp%2Fv2%2Fproduct_brand&post=1294"},{"taxonomy":"product_cat","embeddable":true,"href":"https:\/\/www.dekoratsioonid.ee\/index.php?rest_route=%2Fwp%2Fv2%2Fproduct_cat&post=1294"},{"taxonomy":"product_tag","embeddable":true,"href":"https:\/\/www.dekoratsioonid.ee\/index.php?rest_route=%2Fwp%2Fv2%2Fproduct_tag&post=1294"}],"curies":[{"name":"wp","href":"https:\/\/api.w.org\/{rel}","templated":true}]}}