{"id":1146,"date":"2024-01-31T00:23:29","date_gmt":"2024-01-30T22:23:29","guid":{"rendered":"http:\/\/dekoratsioonid.ee\/?post_type=product&#038;p=1146"},"modified":"2026-02-09T13:49:35","modified_gmt":"2026-02-09T11:49:35","slug":"luhtri-rent-d84cm-h75cm-kood-l24-saadaval-alates-06-2024","status":"publish","type":"product","link":"https:\/\/www.dekoratsioonid.ee\/?product=luhtri-rent-d84cm-h75cm-kood-l24-saadaval-alates-06-2024","title":{"rendered":"Kristall l\u00fchtri rent, D=84cm, H=75cm, kood: L24."},"content":{"rendered":"<p>Kristall l\u00fchter, D=84cm, H=75cm, 8 lampi.<\/p>\n<p>L\u00fchtri kaal: 4kg.<\/p>\n<p>Kood: L24.<\/p>\n<p>Laos 12 tk.<\/p>\n<p>K\u00fcsi hinnapakkumist, rendime ainult koos meie paigaldusega !<\/p>\n","protected":false},"excerpt":{"rendered":"<p>Kristall l\u00fchter, D=84cm, H=75cm, 8 lampi. L\u00fchtri kaal: 4kg. Kood: L24. Laos 12 tk. K\u00fcsi hinnapakkumist, rendime ainult koos meie paigaldusega !<\/p>\n","protected":false},"featured_media":1142,"template":"","meta":[],"product_brand":[],"product_cat":[60,28],"product_tag":[],"class_list":{"0":"post-1146","1":"product","2":"type-product","3":"status-publish","4":"has-post-thumbnail","6":"product_cat-lyhtrid","7":"product_cat-luhtrid-ja-valgustid","9":"first","10":"instock","11":"shipping-taxable","12":"product-type-simple"},"_links":{"self":[{"href":"https:\/\/www.dekoratsioonid.ee\/index.php?rest_route=\/wp\/v2\/product\/1146","targetHints":{"allow":["GET"]}}],"collection":[{"href":"https:\/\/www.dekoratsioonid.ee\/index.php?rest_route=\/wp\/v2\/product"}],"about":[{"href":"https:\/\/www.dekoratsioonid.ee\/index.php?rest_route=\/wp\/v2\/types\/product"}],"wp:featuredmedia":[{"embeddable":true,"href":"https:\/\/www.dekoratsioonid.ee\/index.php?rest_route=\/wp\/v2\/media\/1142"}],"wp:attachment":[{"href":"https:\/\/www.dekoratsioonid.ee\/index.php?rest_route=%2Fwp%2Fv2%2Fmedia&parent=1146"}],"wp:term":[{"taxonomy":"product_brand","embeddable":true,"href":"https:\/\/www.dekoratsioonid.ee\/index.php?rest_route=%2Fwp%2Fv2%2Fproduct_brand&post=1146"},{"taxonomy":"product_cat","embeddable":true,"href":"https:\/\/www.dekoratsioonid.ee\/index.php?rest_route=%2Fwp%2Fv2%2Fproduct_cat&post=1146"},{"taxonomy":"product_tag","embeddable":true,"href":"https:\/\/www.dekoratsioonid.ee\/index.php?rest_route=%2Fwp%2Fv2%2Fproduct_tag&post=1146"}],"curies":[{"name":"wp","href":"https:\/\/api.w.org\/{rel}","templated":true}]}}