{"id":1141,"date":"2024-01-31T00:13:06","date_gmt":"2024-01-30T22:13:06","guid":{"rendered":"http:\/\/dekoratsioonid.ee\/?post_type=product&#038;p=1141"},"modified":"2026-02-09T13:48:51","modified_gmt":"2026-02-09T11:48:51","slug":"luhtri-rent-d110cm-h105cm-kood-l22-saadaval-alates-06-2024","status":"publish","type":"product","link":"https:\/\/www.dekoratsioonid.ee\/?product=luhtri-rent-d110cm-h105cm-kood-l22-saadaval-alates-06-2024","title":{"rendered":"Kristall l\u00fchtri rent, D=110cm, H=105cm, kood: L22."},"content":{"rendered":"<p>Kristall l\u00fchter, D=110cm, H=105cm, 18 lampi.<\/p>\n<p>L\u00fchtri kaal: 14kg.<\/p>\n<p>Kood: L22.<\/p>\n<p>K\u00fcsi hinnapakkumist, rendime ainult koos meie paigaldusega !<\/p>\n<p>Laos 6 tk.<\/p>\n","protected":false},"excerpt":{"rendered":"<p>Kristall l\u00fchter, D=110cm, H=105cm, 18 lampi. L\u00fchtri kaal: 14kg. Kood: L22. K\u00fcsi hinnapakkumist, rendime ainult koos meie paigaldusega ! Laos 6 tk.<\/p>\n","protected":false},"featured_media":1144,"template":"","meta":[],"product_brand":[],"product_cat":[60,28],"product_tag":[],"class_list":{"0":"post-1141","1":"product","2":"type-product","3":"status-publish","4":"has-post-thumbnail","6":"product_cat-lyhtrid","7":"product_cat-luhtrid-ja-valgustid","9":"first","10":"instock","11":"shipping-taxable","12":"product-type-simple"},"_links":{"self":[{"href":"https:\/\/www.dekoratsioonid.ee\/index.php?rest_route=\/wp\/v2\/product\/1141","targetHints":{"allow":["GET"]}}],"collection":[{"href":"https:\/\/www.dekoratsioonid.ee\/index.php?rest_route=\/wp\/v2\/product"}],"about":[{"href":"https:\/\/www.dekoratsioonid.ee\/index.php?rest_route=\/wp\/v2\/types\/product"}],"wp:featuredmedia":[{"embeddable":true,"href":"https:\/\/www.dekoratsioonid.ee\/index.php?rest_route=\/wp\/v2\/media\/1144"}],"wp:attachment":[{"href":"https:\/\/www.dekoratsioonid.ee\/index.php?rest_route=%2Fwp%2Fv2%2Fmedia&parent=1141"}],"wp:term":[{"taxonomy":"product_brand","embeddable":true,"href":"https:\/\/www.dekoratsioonid.ee\/index.php?rest_route=%2Fwp%2Fv2%2Fproduct_brand&post=1141"},{"taxonomy":"product_cat","embeddable":true,"href":"https:\/\/www.dekoratsioonid.ee\/index.php?rest_route=%2Fwp%2Fv2%2Fproduct_cat&post=1141"},{"taxonomy":"product_tag","embeddable":true,"href":"https:\/\/www.dekoratsioonid.ee\/index.php?rest_route=%2Fwp%2Fv2%2Fproduct_tag&post=1141"}],"curies":[{"name":"wp","href":"https:\/\/api.w.org\/{rel}","templated":true}]}}