{"id":1066,"date":"2023-08-27T22:09:10","date_gmt":"2023-08-27T19:09:10","guid":{"rendered":"http:\/\/dekoratsioonid.ee\/?post_type=product&#038;p=1066"},"modified":"2026-02-09T14:10:26","modified_gmt":"2026-02-09T12:10:26","slug":"luhtri-rent-d140cm-h180cm","status":"publish","type":"product","link":"https:\/\/www.dekoratsioonid.ee\/?product=luhtri-rent-d140cm-h180cm","title":{"rendered":"Kristall l\u00fchtri rent, D=140cm, H=180cm, kood: L21."},"content":{"rendered":"<p>Kristall l\u00fchter, D=140cm, H=180cm.<\/p>\n<p>L\u00fchtri kaal 32kg.<\/p>\n<p>Kood: L21.<\/p>\n<p>Laos 0 tk, kui tellida kaks kuud ette siis 3tk.<\/p>\n<p>K\u00fcsi hinnapakkumist, rendime ainult koos meie paigaldusega !<\/p>\n<p>&nbsp;<\/p>\n","protected":false},"excerpt":{"rendered":"<p>Kristall l\u00fchter, D=140cm, H=180cm. L\u00fchtri kaal 32kg. Kood: L21. Laos 0 tk, kui tellida kaks kuud ette siis 3tk. K\u00fcsi hinnapakkumist, rendime ainult koos meie paigaldusega ! &nbsp;<\/p>\n","protected":false},"featured_media":1068,"template":"","meta":[],"product_brand":[],"product_cat":[60,28],"product_tag":[],"class_list":{"0":"post-1066","1":"product","2":"type-product","3":"status-publish","4":"has-post-thumbnail","6":"product_cat-lyhtrid","7":"product_cat-luhtrid-ja-valgustid","9":"first","10":"instock","11":"shipping-taxable","12":"product-type-simple"},"_links":{"self":[{"href":"https:\/\/www.dekoratsioonid.ee\/index.php?rest_route=\/wp\/v2\/product\/1066","targetHints":{"allow":["GET"]}}],"collection":[{"href":"https:\/\/www.dekoratsioonid.ee\/index.php?rest_route=\/wp\/v2\/product"}],"about":[{"href":"https:\/\/www.dekoratsioonid.ee\/index.php?rest_route=\/wp\/v2\/types\/product"}],"wp:featuredmedia":[{"embeddable":true,"href":"https:\/\/www.dekoratsioonid.ee\/index.php?rest_route=\/wp\/v2\/media\/1068"}],"wp:attachment":[{"href":"https:\/\/www.dekoratsioonid.ee\/index.php?rest_route=%2Fwp%2Fv2%2Fmedia&parent=1066"}],"wp:term":[{"taxonomy":"product_brand","embeddable":true,"href":"https:\/\/www.dekoratsioonid.ee\/index.php?rest_route=%2Fwp%2Fv2%2Fproduct_brand&post=1066"},{"taxonomy":"product_cat","embeddable":true,"href":"https:\/\/www.dekoratsioonid.ee\/index.php?rest_route=%2Fwp%2Fv2%2Fproduct_cat&post=1066"},{"taxonomy":"product_tag","embeddable":true,"href":"https:\/\/www.dekoratsioonid.ee\/index.php?rest_route=%2Fwp%2Fv2%2Fproduct_tag&post=1066"}],"curies":[{"name":"wp","href":"https:\/\/api.w.org\/{rel}","templated":true}]}}